{"id":165,"date":"2023-02-05T06:37:30","date_gmt":"2023-02-05T06:37:30","guid":{"rendered":"https:\/\/demo.hcodontologos.com\/?page_id=165"},"modified":"2023-02-05T06:50:19","modified_gmt":"2023-02-05T06:50:19","slug":"curriculum-vitae-dr-ruben-herrera-atoche","status":"publish","type":"page","link":"https:\/\/demo.hcodontologos.com\/?page_id=165","title":{"rendered":"Curriculum Vitae Dr. Rub\u00e9n Herrera Atoche"},"content":{"rendered":"\t\t<div data-elementor-type=\"wp-page\" data-elementor-id=\"165\" class=\"elementor elementor-165\">\n\t\t\t\t\t\t\t<div class=\"elementor-element elementor-element-5e3227a e-con-boxed e-con\" data-id=\"5e3227a\" data-element_type=\"container\" data-settings=\"{&quot;background_background&quot;:&quot;classic&quot;,&quot;content_width&quot;:&quot;boxed&quot;}\" data-e-bg-lazyload=\"\">\n\t\t\t\t\t<div class=\"e-con-inner\">\n\t\t\t\t<div class=\"elementor-element elementor-element-37df7e6 elementor-widget elementor-widget-heading\" data-id=\"37df7e6\" data-element_type=\"widget\" data-widget_type=\"heading.default\">\n\t\t\t\t<div class=\"elementor-widget-container\">\n\t\t\t<style>\/*! elementor - v3.11.0 - 13-02-2023 *\/\n.elementor-heading-title{padding:0;margin:0;line-height:1}.elementor-widget-heading .elementor-heading-title[class*=elementor-size-]>a{color:inherit;font-size:inherit;line-height:inherit}.elementor-widget-heading .elementor-heading-title.elementor-size-small{font-size:15px}.elementor-widget-heading .elementor-heading-title.elementor-size-medium{font-size:19px}.elementor-widget-heading .elementor-heading-title.elementor-size-large{font-size:29px}.elementor-widget-heading .elementor-heading-title.elementor-size-xl{font-size:39px}.elementor-widget-heading .elementor-heading-title.elementor-size-xxl{font-size:59px}<\/style><h2 class=\"elementor-heading-title elementor-size-default\">Curriculum Vitae<\/h2>\t\t<\/div>\n\t\t\t\t<\/div>\n\t\t\t\t\t<\/div>\n\t\t\t\t<\/div>\n\t\t<div class=\"elementor-element elementor-element-945c88b e-con-boxed e-con\" data-id=\"945c88b\" data-element_type=\"container\" data-settings=\"{&quot;content_width&quot;:&quot;boxed&quot;}\">\n\t\t\t\t\t<div class=\"e-con-inner\">\n\t\t<div class=\"elementor-element elementor-element-c824ff4 e-con-full e-con\" data-id=\"c824ff4\" data-element_type=\"container\" data-settings=\"{&quot;content_width&quot;:&quot;full&quot;}\">\n\t\t\t\t<div class=\"elementor-element elementor-element-11962a9 aux-appear-watch-animation aux-fade-in-left-1 elementor-widget elementor-widget-text-editor\" data-id=\"11962a9\" data-element_type=\"widget\" data-widget_type=\"text-editor.default\">\n\t\t\t\t<div class=\"elementor-widget-container\">\n\t\t\t<style>\/*! elementor - v3.11.0 - 13-02-2023 *\/\n.elementor-widget-text-editor.elementor-drop-cap-view-stacked .elementor-drop-cap{background-color:#818a91;color:#fff}.elementor-widget-text-editor.elementor-drop-cap-view-framed .elementor-drop-cap{color:#818a91;border:3px solid;background-color:transparent}.elementor-widget-text-editor:not(.elementor-drop-cap-view-default) .elementor-drop-cap{margin-top:8px}.elementor-widget-text-editor:not(.elementor-drop-cap-view-default) .elementor-drop-cap-letter{width:1em;height:1em}.elementor-widget-text-editor .elementor-drop-cap{float:left;text-align:center;line-height:1;font-size:50px}.elementor-widget-text-editor .elementor-drop-cap-letter{display:inline-block}<\/style>\t\t\t\t<h2><strong>DATOS GENERALES<\/strong><\/h2><ul><li>Cirujano Dentista Bertha Arelly Carrillo \u00c1vila.<\/li><li>Especialista en Periodoncia. C\u00e9dula profesional: 5738778.<\/li><li>Fecha de nacimiento: 06\/06\/1975<\/li><li>Lugar de nacimiento: M\u00e9rida Yucat\u00e1n, M\u00e9xico.<\/li><li>Nacionalidad: Mexicana.<\/li><li>Estado civil: casada<\/li><\/ul>\t\t\t\t\t\t<\/div>\n\t\t\t\t<\/div>\n\t\t\t\t<\/div>\n\t\t<div class=\"elementor-element elementor-element-eb1d086 e-con-full e-con\" data-id=\"eb1d086\" data-element_type=\"container\" data-settings=\"{&quot;content_width&quot;:&quot;full&quot;}\">\n\t\t\t\t<div class=\"elementor-element elementor-element-81995cf aux-appear-watch-animation aux-fade-in-right-1 elementor-widget elementor-widget-image\" data-id=\"81995cf\" data-element_type=\"widget\" data-widget_type=\"image.default\">\n\t\t\t\t<div class=\"elementor-widget-container\">\n\t\t\t<style>\/*! elementor - v3.11.0 - 13-02-2023 *\/\n.elementor-widget-image{text-align:center}.elementor-widget-image a{display:inline-block}.elementor-widget-image a img[src$=\".svg\"]{width:48px}.elementor-widget-image img{vertical-align:middle;display:inline-block}<\/style>\t\t\t\t\t\t\t\t\t\t\t\t<img decoding=\"async\" src=\"https:\/\/demo.hcodontologos.com\/wp-content\/uploads\/elementor\/thumbs\/Dra-Arelly-Carrillo-q1p9odr4kae6z9tkh0zwohiv8n55uckmg036cuehvk.jpg\" title=\"Dra-Arelly-Carrillo\" alt=\"Dra-Arelly-Carrillo\" loading=\"lazy\" \/>\t\t\t\t\t\t\t\t\t\t\t\t\t\t\t<\/div>\n\t\t\t\t<\/div>\n\t\t\t\t<\/div>\n\t\t\t\t\t<\/div>\n\t\t\t\t<\/div>\n\t\t<div class=\"elementor-element elementor-element-186865d aux-appear-watch-animation aux-fade-in-up-1 e-con-boxed e-con\" data-id=\"186865d\" data-element_type=\"container\" data-settings=\"{&quot;content_width&quot;:&quot;boxed&quot;}\">\n\t\t\t\t\t<div class=\"e-con-inner\">\n\t\t\t\t<div class=\"elementor-element elementor-element-fa67d32 elementor-widget elementor-widget-text-editor\" data-id=\"fa67d32\" data-element_type=\"widget\" data-widget_type=\"text-editor.default\">\n\t\t\t\t<div class=\"elementor-widget-container\">\n\t\t\t\t\t\t\t<h2><strong>ESTUDIOS<\/strong><\/h2><ul><li>T\u00edtulo de\u00a0<strong><em>Cirujano Dentista<\/em><\/strong>\u00a0de la Facultad de Odontolog\u00eda de la Universidad Aut\u00f3noma de Yucat\u00e1n con calificaci\u00f3n de\u00a0<strong><em>Aprobado con Menci\u00f3n Honor\u00edfica\u00a0<\/em><\/strong>en el a\u00f1o 2000.<\/li><li><strong><em>Tercer lugar<\/em><\/strong>\u00a0de la generaci\u00f3n 93-98 de la facultad de Odontolog\u00eda de la UADY.<\/li><li><strong><em>Certificado<\/em><\/strong>\u00a0por el Centro Nacional de Evaluaci\u00f3n para la Educaci\u00f3n Superior\u00a0<strong><em>(CENEVAL)<\/em><\/strong>\u00a0por haber aprobado el examen para odontolog\u00eda general.<\/li><li>Egresada con el diploma de\u00a0<strong><em>Especialista en Periodoncia<\/em><\/strong>\u00a0de la Facultad de Odontolog\u00eda de la Universidad Aut\u00f3noma de Yucat\u00e1n en el a\u00f1o 2008.<\/li><\/ul><ul><li>Grado de\u00a0<strong><em>Maestr\u00eda en Innovaci\u00f3n Educativa<\/em><\/strong>\u00a0por la Universidad Aut\u00f3noma de Yucat\u00e1n en el a\u00f1o 2013.<\/li><li><strong><em>Primer lugar\u00a0<\/em><\/strong>de la generaci\u00f3n 2006-2008 del programa de especializaci\u00f3n en Periodoncia de la Facultad de Odontolog\u00eda de la Universidad Aut\u00f3noma de Yucat\u00e1n.<\/li><li>Actualmente estudiando el<strong><em>\u00a0Doctorado en Ciencias de la Educaci\u00f3n\u00a0<\/em><\/strong>por la<strong><em>\u00a0Universidad Santander.<\/em><\/strong><\/li><li>Dominio del idioma ingl\u00e9s.<\/li><\/ul><div class=\"wp-block-spacer\" aria-hidden=\"true\">\u00a0<\/div><h2><strong>EJERCICIO PROFESIONAL<\/strong><\/h2><ul><li><strong><em>Pr\u00e1ctica privada como cirujano dentista desde el a\u00f1o 2000 y como especialista en periodoncia desde el a\u00f1o 2008.<\/em><\/strong><\/li><li>Desempe\u00f1o profesional como Cirujano Dentista en el departamento de periodoncia-endodoncia de la cl\u00ednica \u201cAlta tecnolog\u00eda en Salud\u201d de Monterrey, Nuevo Le\u00f3n, durante el per\u00edodo 2000- 2002.<\/li><li>Responsable de la Cl\u00ednica de Periodoncia de la Licenciatura en Cirujano Dentista de la Facultad de Odontolog\u00eda de la UADY de 2014 a la fecha.<\/li><li>Profesor en el programa de Especializaci\u00f3n en Periodoncia de la Facultad de Odontolog\u00eda de la UADY desde el a\u00f1o 2009.<\/li><li>Profesor de la Licenciatura en Cirujano Dentista de la Facultad de Odontolog\u00eda de la UADY de 2008 a la fecha.<\/li><\/ul><div class=\"wp-block-spacer\" aria-hidden=\"true\">\u00a0<\/div><h2><strong>INVESTIGACI\u00d3N<\/strong><\/h2><ul><li><strong><em>Miembro del Cuerpo Acad\u00e9mico en Consolidaci\u00f3n<\/em><\/strong>\u00a0<strong><em>de Periodoncia<\/em><\/strong>\u00a0desde el a\u00f1o 2014.<\/li><li><strong><em>Autora de 20 art\u00edculos cient\u00edficos y 2 cap\u00edtulos de libro (ver anexos 1 y 2).<\/em><\/strong><\/li><li>Participaci\u00f3n como ponente en diversos eventos de investigaci\u00f3n local, nacional e internacional desde el a\u00f1o 2008. Destacan las participaciones en:<ul><li>La reuni\u00f3n anual de la International Association for Dental Research.<\/li><li>\u00a0Participaciones desde el a\u00f1o 2013 en el Congreso Anual de la Asociaci\u00f3n Mexicana de Periodontolog\u00eda.<\/li><li>Participaciones en los Encuentros Nacionales e Iberoamericanos de Investigaci\u00f3n en Odontolog\u00eda (ENIIO).<\/li><\/ul><\/li><\/ul><div class=\"wp-block-spacer\" aria-hidden=\"true\">\u00a0<\/div><h2><strong>RECONOCIMIENTOS Y CERTIFICADOS<\/strong><\/h2><ul><li><strong><em>Certificada<\/em><\/strong>\u00a0por el\u00a0<strong><em>Consejo Mexicano de Periodoncia, A. C.<\/em><\/strong>\u00a0con el registro No. 380, en el a\u00f1o 2008.<\/li><li>Reconocimiento como<strong><em>\u00a0Profesora Honor\u00edfica\u00a0<\/em><\/strong>del<strong><em>\u00a0University Institute for Regenerative Medicine and Oral Implantology.<\/em><\/strong><\/li><li>Reconocimiento de\u00a0<strong><em>Perfil Deseable PRODEP<\/em><\/strong>\u00a0desde el a\u00f1o 2013.<\/li><\/ul><div class=\"wp-block-spacer\" aria-hidden=\"true\">\u00a0<\/div><h2><strong>PARTICIPACI\u00d3N EN ASOCIACIONES Y COLEGIOS<\/strong><\/h2><ul><li>Miembro de la\u00a0<strong><em>Asociaci\u00f3n Mexicana de Periodontolog\u00eda<\/em><\/strong>\u00a0desde el a\u00f1o 2008.<\/li><\/ul><div class=\"wp-block-spacer\" aria-hidden=\"true\">\u00a0<\/div><h2><strong>CURSOS Y CONGRESOS<\/strong><\/h2><ul><li>Asistencia anual a 2 congresos nacionales o internacionales desde el a\u00f1o 2008. Destacan: los congresos anuales de la American Association of Periodontists, de la Asociaci\u00f3n Mexicana de Periodontolog\u00eda, de la Asociaci\u00f3n Yucateca de Periodontolog\u00eda e Implantolog\u00eda Dental A. C.<\/li><li>Estancias de capacitaci\u00f3n en el Biotechnology Institute de Vitoria, Espa\u00f1a (2019, y 2017).<\/li><li>Estancia de capacitaci\u00f3n en el Laboratorio de Biolog\u00eda Periodontal de la Universidad de Chile en marzo de 2016.<\/li><\/ul><div class=\"wp-block-spacer\" aria-hidden=\"true\">\u00a0<\/div><h2><strong>ANEXO 1. ART\u00cdCULOS CIENT\u00cdFICOS<\/strong><\/h2><ol type=\"1\"><li>Sansores-Espa\u00f1a LD, Carrillo-\u00c1vila BA, Melgar-Rodriguez S, Zu\u00f1iga-Herrera JA, Mart\u00ednez-Aguilar VM. Periodontitis and Alzhimer`s disease. Medicina Oral Patologia Oral y Cirugia Bucal. 2020 (aceptado).<\/li><li>Peniche-Palma DC, Carrillo-\u00c1vila BA, Sauri-Esquivel EA, Acosta-Viana K, Esparza-Villalpando V, Pozos-Guillen A, Hernandez-R\u00edos M, Mart\u00ednez-Aguilar VM. Levels of Myeloperoxidase and Metalloproteinase 9 in gingival crevicular fluid from diabetic subjects with and without stage 2, grade B periodontitis. BioMed Research International. 2019, 2019, 8 pages.<\/li><li>Madrid-Melendez O, Castillo-Bolio R, Carrillo-\u00c1vila BA, Mart\u00ednez-Aguilar VM, Sauri-Esquivel EA. Manejo de exposici\u00f3n de membrana: Presentaci\u00f3n de caso cl\u00ednico, estudio preliminar. Revista Odontologica Latinoamericana. 2019, 11, 25-32.<\/li><li>Martinez-Aguilar VM, Carrillo-\u00c1vila BA, Sauri-Esquivel EA, Guzm\u00e1n-Mar\u00edn E, Jim\u00e9nez-Coello M, Escobar-Garc\u00eda D, Pozos-Guillen A. Quantification of TNF-\u03b1in patients with Periodontitis and Type 2 diabetes. BioMed Research International. 2019, 2019, 6 pages.<\/li><li>Mart\u00ednez-Aguilar VM, Carrillo-\u00c1vila BA, Garcia-Escalante G, Vera-Gamboa L, Escobar-Garc\u00eda DM, Pozos-Guillen A, Guzm\u00e1n-Mar\u00edn G, Valadez-Gonz\u00e1lez N. Asociaci\u00f3n de los polimorfismos CCR5 G59029A y RANTES -28 C\/G en pacientes con periodontitis cr\u00f3nica y\/o diabetes mellitus tipo 2 en una poblaci\u00f3n del sureste mexicano. Investigaci\u00f3n Cl\u00ednica. 2018, 59, 135-145.<\/li><li>Carrillo-\u00c1vila BA, Aguilar-Lamas H, Mart\u00ednez-Aguilar VM, Sauri-Esquivel EA, Castillo-Bolio R. T\u00e9cnica de colgajo subperiostico m\u00ednimamente invasivo para reparaci\u00f3n de tabla \u00f3sea vestibular en un paciente ortod\u00f3ntico. Revista Odontologica Latinoamericana. 2018, 10, 51-56.<\/li><li>Herrera-Atoche JR, Ag\u00fcayo-de-Pau MR, Escoffi\u00e9-Ram\u00edrez M, Aguilar-Ayala FJ, Carrillo-\u00c1vila BA, Rej\u00f3n-Peraza ME. Impacted Maxillary Canine Prevalence and Its Association with Other Dental Anomalies in a Mexican Population. International Journal of Dentistry. 2017, 2017, 4 pages.<\/li><li>Sansores-Espa\u00f1a LD, Carrillo-\u00c1vila BA, Sauri-Esquivel EA, Guzm\u00e1n-Mar\u00edn E, Hern\u00e1ndez-R\u00edos M, Pozos-Guillen A, Mart\u00ednez-Aguilar VM. Cuantificaci\u00f3n de la quimiocina CCL5 en pacientes con diabetes mellitus tipo 2 y\/o periodontitis cr\u00f3nica: Estudio preliminar. International Journal of Dental Science. 2017, 19, 71-78.<\/li><li>Mart\u00ednez-Aguilar VM, Carrillo-\u00c1vila BA, Guzm\u00e1n-Mar\u00edn E, Puerto-Sol\u00eds M, Bermeo-Escalona J, Pozos-Guillen A. Prote\u00edna C reactiva como marcador inflamatorio en la enfermedad periodontal. Nova Scientia. 2017, 9, 51-64.<\/li><li>Herrera-Atoche JR, Z\u00fa\u00f1iga-Herrera ID, Colom\u00e9-Ruiz GE, Carrillo-\u00c1vila BA. Distribuci\u00f3n de dientes supernumerarios y anomal\u00edas dentales asociadas en una poblaci\u00f3n ortod\u00f3ntica del estado de Yucat\u00e1n. Rev Odontol Latinoam. 2017, 9, 49-55.<\/li><li>Guzm\u00e1n-Cruz D, Sauri-Esquivel EA, Carrillo-\u00c1vila BA, Mart\u00ednez-Aguilar VM. T\u00e9cnica de ventana lateral para elevaci\u00f3n de seno maxilar con fines terap\u00e9uticos implantologicos. Revista Odontologica Latinoamericana. 2017, 9, 69-74.<\/li><li>Carrillo-\u00c1vila BA, Negr\u00f3n-Dom\u00ednguez WD, D\u00edaz-Mart\u00edn A, Sauri-Esquivel EA, Castillo-Bolio R, Cervera-Gasque E, Mart\u00ednez-Aguilar VM. Injerto de tejido conectivo subepitelial: tratamiento de defecto alveolar en zona est\u00e9tica. Revista Tam\u00e9. 2016, 4, 422-425.<\/li><li>Yunes-J\u00e1come M, Sauri-Esquivel EA, Carrillo-\u00c1vila BA, Castillo-Bolio R, Mart\u00ednez-Aguilar VM. Autoinjerto en bloque como tratamiento del colapso alveolar en maxilar superior. Revista Odontol\u00f3gica Latinoamericana. 2015, 7, 65-70.<\/li><li>Herrera-Atoche JR, Cetina-C\u00e1rdenas P, Trueba-M\u00e9ndez C, Gasque-C\u00e1ceres CE, Torres-Sol\u00eds MF, Colom\u00e9-Ruiz GE, Carrillo-\u00c1vila BA. Terapia de intrusi\u00f3n de molares para correcci\u00f3n de sobremordida vertical en pacientes con mordida abierta. Rev Nac Odontol Mex. 2014, 2, 10-17.<\/li><li>Sauri-Esquivel EA, Carrillo-\u00c1vila BA, Aguilar-Guti\u00e9rrez DG, Navarrete-Rosel JG. Extracci\u00f3n atraum\u00e1tica e implantaci\u00f3n inmediata, t\u00e9cnica paso a paso. Revista Odontol\u00f3gica Latinoamericana. 2014, 6, 25-30.<\/li><li>Herrera-Atoche JR, Colom\u00e9-Ruiz GE, Escoffi\u00e9-Ram\u00edrez M, Castillo-Bolio R, Carrillo-\u00c1vila BA, Rojas-Garc\u00eda AR, Rivas-Guti\u00e9rrez R. Intrusi\u00f3n de molares con orto-implantes. Evaluaci\u00f3n del nivel de adherencia gingival y remodelado \u00f3seo. Rev Odontol Andes. 2013, 8, 16-22.<\/li><li>Castillo-Bolio R, Sauri-Esquivel EA, Carrillo-\u00c1vila BA, Mart\u00ednez-Aguilar VM, Tziu-Chi MC, Chuc-Uc\u00e1n EJ. Necesidad de tratamiento periodontal en pacientes con diabetes mellitus tipo II en la comunidad de Chapab, Yucat\u00e1n. Revista Odontol\u00f3gica Latinoamericana. 2013, 5, 35-39.<\/li><li>Colom\u00e9-Ruiz G, Pe\u00f1ailillo-Palma E, Carrillo-\u00c1vila BA, Herrera-Atoche JR, P\u00e9rez-Traconis L. Intrusi\u00f3n de un molar superior con mini-implantes ortod\u00f3nticos por motivos prot\u00e9sicos. Rev ADM. 2012, 69, 131-134.<\/li><li>Carrillo-\u00c1vila BA, Cervera-Camacho AJ, Sauri-Esquivel EA. Relaci\u00f3n entre la severidad de la periodontitis y el conteo de c\u00e9lulas T CD4+ en pacientes con VIH\/SIDA. Revista Odontol\u00f3gica Latinoamericana. 2013, 4, 43-47.<\/li><li>Carrillo-\u00c1vila BA, Herrera-Atoche JR, Sauri-Esquivel EA. Injerto gingival libre como tratamiento profil\u00e1ctico en un paciente de ortodoncia. Rev Odontol Latinoam. 2009, 1, 51-56.<\/li><\/ol><div class=\"wp-block-spacer\" aria-hidden=\"true\">\u00a0<\/div><h2><strong>ANEXO 2. CAP\u00cdTULOS DE LIBRO<\/strong><\/h2><ol type=\"1\"><li>Mendoza-Rivero LF, Sauri-Esquivel EA, Carrillo-\u00c1vila BA, Mart\u00ednez-Aguilar VM. Preservaci\u00f3n alveolar con fines implantol\u00f3gicos. En: Casos cl\u00ednicos en Odontolog\u00eda 2020. (Aceptado)<\/li><li>Herrera-Atoche JR, Escoffi\u00e9-Ram\u00edrez M, Carrillo-\u00c1vila BA, Novelo-Mendoza LE. Cap\u00edtulo 9. Tratamiento de extrusi\u00f3n-intrusi\u00f3n dental en el tratamiento interdisciplinario. Reporte de dos casos. En: Mis casos cl\u00ednicos en Odontolog\u00eda. 2015.<\/li><\/ol>\t\t\t\t\t\t<\/div>\n\t\t\t\t<\/div>\n\t\t\t\t\t<\/div>\n\t\t\t\t<\/div>\n\t\t\t\t\t\t\t<\/div>\n\t\t","protected":false},"excerpt":{"rendered":"<p>Curriculum Vitae DATOS GENERALES Cirujano Dentista Bertha Arelly Carrillo \u00c1vila. Especialista en Periodoncia. C\u00e9dula profesional: 5738778. Fecha de nacimiento: 06\/06\/1975 Lugar de nacimiento: M\u00e9rida Yucat\u00e1n, M\u00e9xico. Nacionalidad: Mexicana. Estado civil: casada ESTUDIOS T\u00edtulo de\u00a0Cirujano Dentista\u00a0de la Facultad de Odontolog\u00eda de la Universidad Aut\u00f3noma de Yucat\u00e1n con calificaci\u00f3n de\u00a0Aprobado con Menci\u00f3n Honor\u00edfica\u00a0en el a\u00f1o 2000. Tercer [&hellip;]<\/p>\n","protected":false},"author":1,"featured_media":0,"parent":0,"menu_order":0,"comment_status":"closed","ping_status":"closed","template":"elementor_header_footer","meta":{"footnotes":""},"class_list":["post-165","page","type-page","status-publish","hentry"],"_links":{"self":[{"href":"https:\/\/demo.hcodontologos.com\/index.php?rest_route=\/wp\/v2\/pages\/165","targetHints":{"allow":["GET"]}}],"collection":[{"href":"https:\/\/demo.hcodontologos.com\/index.php?rest_route=\/wp\/v2\/pages"}],"about":[{"href":"https:\/\/demo.hcodontologos.com\/index.php?rest_route=\/wp\/v2\/types\/page"}],"author":[{"embeddable":true,"href":"https:\/\/demo.hcodontologos.com\/index.php?rest_route=\/wp\/v2\/users\/1"}],"replies":[{"embeddable":true,"href":"https:\/\/demo.hcodontologos.com\/index.php?rest_route=%2Fwp%2Fv2%2Fcomments&post=165"}],"version-history":[{"count":7,"href":"https:\/\/demo.hcodontologos.com\/index.php?rest_route=\/wp\/v2\/pages\/165\/revisions"}],"predecessor-version":[{"id":188,"href":"https:\/\/demo.hcodontologos.com\/index.php?rest_route=\/wp\/v2\/pages\/165\/revisions\/188"}],"wp:attachment":[{"href":"https:\/\/demo.hcodontologos.com\/index.php?rest_route=%2Fwp%2Fv2%2Fmedia&parent=165"}],"curies":[{"name":"wp","href":"https:\/\/api.w.org\/{rel}","templated":true}]}}