{"id":151,"date":"2023-02-05T06:27:32","date_gmt":"2023-02-05T06:27:32","guid":{"rendered":"https:\/\/demo.hcodontologos.com\/?page_id=151"},"modified":"2023-02-05T06:49:29","modified_gmt":"2023-02-05T06:49:29","slug":"curriculum-vitae-dra-arelly-carrillo-avila","status":"publish","type":"page","link":"https:\/\/demo.hcodontologos.com\/?page_id=151","title":{"rendered":"Curriculum Vitae Dra. Arelly Carrillo \u00c1vila"},"content":{"rendered":"\t\t<div data-elementor-type=\"wp-page\" data-elementor-id=\"151\" class=\"elementor elementor-151\">\n\t\t\t\t\t\t\t<div class=\"elementor-element elementor-element-8702a1e e-con-boxed e-con\" data-id=\"8702a1e\" data-element_type=\"container\" data-settings=\"{&quot;background_background&quot;:&quot;classic&quot;,&quot;content_width&quot;:&quot;boxed&quot;}\" data-e-bg-lazyload=\"\">\n\t\t\t\t\t<div class=\"e-con-inner\">\n\t\t\t\t<div class=\"elementor-element elementor-element-486b403 elementor-widget elementor-widget-heading\" data-id=\"486b403\" data-element_type=\"widget\" data-widget_type=\"heading.default\">\n\t\t\t\t<div class=\"elementor-widget-container\">\n\t\t\t<style>\/*! elementor - v3.11.0 - 13-02-2023 *\/\n.elementor-heading-title{padding:0;margin:0;line-height:1}.elementor-widget-heading .elementor-heading-title[class*=elementor-size-]>a{color:inherit;font-size:inherit;line-height:inherit}.elementor-widget-heading .elementor-heading-title.elementor-size-small{font-size:15px}.elementor-widget-heading .elementor-heading-title.elementor-size-medium{font-size:19px}.elementor-widget-heading .elementor-heading-title.elementor-size-large{font-size:29px}.elementor-widget-heading .elementor-heading-title.elementor-size-xl{font-size:39px}.elementor-widget-heading .elementor-heading-title.elementor-size-xxl{font-size:59px}<\/style><h2 class=\"elementor-heading-title elementor-size-default\">Curriculum Vitae<\/h2>\t\t<\/div>\n\t\t\t\t<\/div>\n\t\t\t\t\t<\/div>\n\t\t\t\t<\/div>\n\t\t<div class=\"elementor-element elementor-element-4922bf0 e-con-boxed e-con\" data-id=\"4922bf0\" data-element_type=\"container\" data-settings=\"{&quot;content_width&quot;:&quot;boxed&quot;}\">\n\t\t\t\t\t<div class=\"e-con-inner\">\n\t\t<div class=\"elementor-element elementor-element-aa696f5 e-con-full e-con\" data-id=\"aa696f5\" data-element_type=\"container\" data-settings=\"{&quot;content_width&quot;:&quot;full&quot;}\">\n\t\t\t\t<div class=\"elementor-element elementor-element-10fc352 aux-appear-watch-animation aux-fade-in-left-1 elementor-widget elementor-widget-text-editor\" data-id=\"10fc352\" data-element_type=\"widget\" data-widget_type=\"text-editor.default\">\n\t\t\t\t<div class=\"elementor-widget-container\">\n\t\t\t<style>\/*! elementor - v3.11.0 - 13-02-2023 *\/\n.elementor-widget-text-editor.elementor-drop-cap-view-stacked .elementor-drop-cap{background-color:#818a91;color:#fff}.elementor-widget-text-editor.elementor-drop-cap-view-framed .elementor-drop-cap{color:#818a91;border:3px solid;background-color:transparent}.elementor-widget-text-editor:not(.elementor-drop-cap-view-default) .elementor-drop-cap{margin-top:8px}.elementor-widget-text-editor:not(.elementor-drop-cap-view-default) .elementor-drop-cap-letter{width:1em;height:1em}.elementor-widget-text-editor .elementor-drop-cap{float:left;text-align:center;line-height:1;font-size:50px}.elementor-widget-text-editor .elementor-drop-cap-letter{display:inline-block}<\/style>\t\t\t\t<h2><strong>DATOS GENERALES<\/strong><\/h2><ul><li>M.C.O. Jos\u00e9 Rub\u00e9n Herrera Atoche.<\/li><li>Especialista en Ortodoncia.\u00a0 C\u00e9dula Profesional: 3922764<\/li><li>Fecha de Nacimiento: 26 de Noviembre de 1974.<\/li><li>Lugar de nacimiento: M\u00e9rida Yucat\u00e1n, M\u00e9xico.<\/li><li>Estado Civil: Casado<\/li><li>Nacionalidad: Mexicana.<\/li><\/ul>\t\t\t\t\t\t<\/div>\n\t\t\t\t<\/div>\n\t\t\t\t<\/div>\n\t\t<div class=\"elementor-element elementor-element-9dc790f e-con-full e-con\" data-id=\"9dc790f\" data-element_type=\"container\" data-settings=\"{&quot;content_width&quot;:&quot;full&quot;}\">\n\t\t\t\t<div class=\"elementor-element elementor-element-224a04e aux-appear-watch-animation aux-fade-in-left-1 elementor-widget elementor-widget-image\" data-id=\"224a04e\" data-element_type=\"widget\" data-widget_type=\"image.default\">\n\t\t\t\t<div class=\"elementor-widget-container\">\n\t\t\t<style>\/*! elementor - v3.11.0 - 13-02-2023 *\/\n.elementor-widget-image{text-align:center}.elementor-widget-image a{display:inline-block}.elementor-widget-image a img[src$=\".svg\"]{width:48px}.elementor-widget-image img{vertical-align:middle;display:inline-block}<\/style>\t\t\t\t\t\t\t\t\t\t\t\t<img decoding=\"async\" src=\"https:\/\/demo.hcodontologos.com\/wp-content\/uploads\/elementor\/thumbs\/Dr-Ruben-Herrera-Ortodoncia-Merida-1-q1p9zpp2ydwmy1d0axbzqmkx1vagmzk4o37wmxlmv4.jpg\" title=\"Dr-Ruben-Herrera-Ortodoncia-Merida-1\" alt=\"Dr-Ruben-Herrera-Ortodoncia-Merida-1\" loading=\"lazy\" \/>\t\t\t\t\t\t\t\t\t\t\t\t\t\t\t<\/div>\n\t\t\t\t<\/div>\n\t\t\t\t<\/div>\n\t\t\t\t\t<\/div>\n\t\t\t\t<\/div>\n\t\t<div class=\"elementor-element elementor-element-7568723 e-con-boxed e-con\" data-id=\"7568723\" data-element_type=\"container\" data-settings=\"{&quot;content_width&quot;:&quot;boxed&quot;}\">\n\t\t\t\t\t<div class=\"e-con-inner\">\n\t\t\t\t<div class=\"elementor-element elementor-element-f73eabc aux-appear-watch-animation aux-fade-in-up-1 elementor-widget elementor-widget-text-editor\" data-id=\"f73eabc\" data-element_type=\"widget\" data-widget_type=\"text-editor.default\">\n\t\t\t\t<div class=\"elementor-widget-container\">\n\t\t\t\t\t\t\t<div class=\"sidebar-page-container\"><div class=\"auto-container\"><div class=\"row clearfix\"><div class=\"content-side  col-lg-12 col-md-12 col-sm-12 col-xs-12 \"><div class=\"our-blog\"><div class=\"thm-unit-test\"><h2><strong>ESTUDIOS<\/strong><\/h2><ul><li>T\u00edtulo de\u00a0<strong><em>Cirujano Dentista<\/em><\/strong>\u00a0por la Facultad de Odontolog\u00eda de la Universidad Aut\u00f3noma de Yucat\u00e1n. Egresado con\u00a0<strong><em>Menci\u00f3n Honor\u00edfica\u00a0<\/em><\/strong>en el a\u00f1o 1999.<\/li><li><strong><em>Primer lugar<\/em><\/strong>\u00a0de la generaci\u00f3n 93-98 de la carrera en Cirujano Dentista (UADY).<\/li><li>Grado de\u00a0<strong><em>Maestr\u00eda en Ciencias Odontol\u00f3gicas con Especialidad en Ortodoncia<\/em><\/strong>\u00a0por la Universidad Aut\u00f3noma de Nuevo Le\u00f3n en el a\u00f1o 2002.<\/li><li>Diploma en\u00a0<strong><em>Fellowship in Advanced Orhtodontics: Dentofacial Deformities and Craniofacial Malformations\u00a0<\/em><\/strong>por The University of Texas, en el a\u00f1o 2003.<\/li><li>Grado de\u00a0<strong><em>Doctor en Ciencias de la Educaci\u00f3n<\/em><\/strong>\u00a0por la Universidad Santander, en el a\u00f1o 2018.<\/li><li>Dominio del idioma ingl\u00e9s en nivel C1.<\/li><\/ul><div class=\"wp-block-spacer\" aria-hidden=\"true\">\u00a0<\/div><h2><strong>EXPERIENCIA PROFESIONAL<\/strong><\/h2><ul><li><strong><em>Pr\u00e1ctica privada exclusiva como ortodoncista desde el a\u00f1o 2003.<\/em><\/strong><\/li><li>Profesor de tiempo completo de la Universidad Aut\u00f3noma de Yucat\u00e1n desde el a\u00f1o 2007.<\/li><li><strong><em>Jefe de la Unidad de Posgrado e Investigaci\u00f3n<\/em><\/strong>\u00a0de la Facultad de Odontolog\u00eda de Universidad Aut\u00f3noma de Yucat\u00e1n desde enero de 2011.<\/li><li><strong><em>Coordinador del programa de Especializaci\u00f3n en Ortodoncia\u00a0<\/em><\/strong>de la Facultad de Odontolog\u00eda de la UADY de 2007 a 2010.<\/li><li>Profesor en el programa de Especializaci\u00f3n en Ortodoncia de la Facultad de Odontolog\u00eda de la UADY desde septiembre de 2004.<\/li><li>Profesor del programa de Maestr\u00eda en Odontolog\u00eda Infantil de la Facultad de Odontolog\u00eda de la UADY desde septiembre de 2009.<\/li><li>Profesor del Colegio Peninsular del a\u00f1o 2004 al 2007.<\/li><\/ul><div class=\"wp-block-spacer\" aria-hidden=\"true\">\u00a0<\/div><h2><strong>INVESTIGACI\u00d3N<\/strong><\/h2><ul><li><strong><em>L\u00edder del Cuerpo Acad\u00e9mico Consolidado<\/em><\/strong>\u00a0<strong><em>de Crecimiento y Desarrollo Craneofacial<\/em><\/strong>\u00a0desde el a\u00f1o 2012.<\/li><li><strong><em>Autor de 28 art\u00edculos cient\u00edficos y 3 cap\u00edtulos de libro (ver anexos 1 y 2).<\/em><\/strong><\/li><li>Participaci\u00f3n como ponente en diversos eventos de investigaci\u00f3n local, nacional e internacional desde el a\u00f1o 2008. Destacan las participaciones en:<ul><li>The Annual Sessions of the American Association of Orthodontists (2020, 2018, 2016);<\/li><li>The International Orthodontic Congress of the World Federation of Orthodontists (2015);<\/li><li>La reuni\u00f3n anual de la International Association for Dental Research (2019, 2014);<\/li><li>Indiana University Annual Research Day (2012);<\/li><li>\u00a0Participaciones anuales desde el a\u00f1o 2009 en el Concurso Interposgrados de la Asociaci\u00f3n Mexicana de Ortodoncia, Colegio de Ortodoncistas.<\/li><\/ul><\/li><\/ul><div class=\"wp-block-spacer\" aria-hidden=\"true\">\u00a0<\/div><h2><strong>PARTICIPACI\u00d3N EN ASOCIACIONES Y COLEGIOS<\/strong><\/h2><ul><li>Miembro de la\u00a0<strong><em>Asociaci\u00f3n Mexicana de Ortodoncia, Colegio de Ortodoncistas\u00a0<\/em><\/strong>desde septiembre de 2003.<\/li><li>Participaci\u00f3n en la mesa directiva de la\u00a0<strong><em>Asociaci\u00f3n Mexicana de Ortodoncia, Colegio de Ortodoncistas\u00a0<\/em><\/strong>en los per\u00edodos 2010-2012, 2018-2020 y en la actual directiva 2020-2022.<\/li><li>Miembro de la\u00a0<strong><em>Asociaci\u00f3n de Ortodoncia y Ortopedia Dentofacial del Sureste, A. C.\u00a0<\/em><\/strong>desde septiembre de 2003.<\/li><li>Participaci\u00f3n en la mesa directiva de la\u00a0<strong><em>Asociaci\u00f3n de Ortodoncia y Ortopedia Dentofacial del Sureste, A. C.<\/em><\/strong>\u00a0en los per\u00edodos 2004-2007, 2007-2009, 2014-2016, 2016-2018.<\/li><li>Presidente del comit\u00e9 organizador del\u00a0<strong><em>VII Encuentro Nacional de Investigaci\u00f3n de Estudiantes de Ortodoncia<\/em>\u00a0<\/strong>y la\u00a0<strong><em>IX Reuni\u00f3n Anual de Coordinadores de Posgrados de Ortodoncia<\/em>\u00a0<\/strong>realizado del 27 al 29 de septiembre de 2007 en Telchac, Yucat\u00e1n.<\/li><\/ul><div class=\"wp-block-spacer\" aria-hidden=\"true\">\u00a0<\/div><h2><strong>RECONOCIMIENTOS Y CERTIFICADOS<\/strong><\/h2><ul><li><strong><em>Certificado por la Asociaci\u00f3n Mexicana de Ortodoncia, Colegio de Ortodoncistas,\u00a0<\/em><\/strong>desde el a\u00f1o 2009.<\/li><li>Certificado en el sistema Invisalign.<\/li><li>Certificado en el \u201cPrecision Bracket System\u201d, para la t\u00e9cnica de ortodoncia lingual.<\/li><li>Primer lugar del Concurso Interposgrados de la Asociaci\u00f3n Mexicana de Ortodoncia, Colegio de Ortodoncistas del a\u00f1o 2020.<\/li><li>Reconocimiento de\u00a0<strong><em>Perfil Deseable PRODEP<\/em><\/strong>\u00a0desde el a\u00f1o 2009.<\/li><li>Certificado por el Centro Nacional de Evaluaci\u00f3n para la Educaci\u00f3n Superior (CENEVAL) por haber aprobado el examen para odontolog\u00eda general con\u00a0<strong><em>Alto Rendimiento.<\/em><\/strong><\/li><li>Participaci\u00f3n como conferencista en diversos congresos regionales y nacionales.<\/li><li>Maestro invitado del posgrado de Ortodoncia de la Universidad Aut\u00f3noma de Nuevo Le\u00f3n.<\/li><\/ul><div class=\"wp-block-spacer\" aria-hidden=\"true\">\u00a0<\/div><h2><strong>CURSOS Y CONGRESOS<\/strong><\/h2><p>Asistencia anual a 2 congresos nacionales o internacionales desde el a\u00f1o 2003. Destacan: los congresos anuales de la American Association of Orthodontists, de la Asociaci\u00f3n Mexicana de Ortodoncia, Colegio de Ortodoncistas, y de la Asociaci\u00f3n de Ortodoncia y Ortopedia Dentofacial del Sureste.<\/p><div class=\"wp-block-spacer\" aria-hidden=\"true\">\u00a0<\/div><h2><strong>ANEXO 1. ART\u00cdCULOS CIENT\u00cdFICOS<\/strong><\/h2><ol type=\"1\"><li>Herrera-Atoche JR, Medina-Mazariegos CR, Z\u00fa\u00f1iga-Herrera ID, Colom\u00e9-Ruiz GE, Aguilar-Ayala FJ, Pinz\u00f3n-Te AL, Aguilar-P\u00e9rez FJ. Growth differences in patients with dental agenesis, how its location impacts facial morphology. Journal of Dental Sciences. 2020, 15, 336-344.<\/li><li>G\u00f3mez-Medina IP, Aguilar-P\u00e9rez D, Colom\u00e9-Ruiz GE, Z\u00fa\u00f1iga-Herrera ID, Escoffi\u00e9-Ram\u00edrez M, Herrera-Atoche JR, Rodr\u00edguez-Ch\u00e1vez J, Aguilar-P\u00e9rez FJ. Evaluation of diagnostic agreement among cephalometric measurements for determining incisors\u2019 position and inclination. International Journal of Morphology. 2020, 38, 1386-1391.<\/li><li>Villanueva-Tapia BM, Casta\u00f1eda-Zetina J, Aguilar-P\u00e9rez FJ, Colom\u00e9-Ruiz GE, P\u00e9rez-Traconis LB, Herrera-Atoche JR. Concordancia de clase esquel\u00e9tica y posici\u00f3n sagital de los maxilares mediante diferentes mediciones cefalom\u00e9tricas. Rev Odonto Mex. 2020 (aceptado).<\/li><li>Herrera-Atoche JR, Cucina A, R\u00edos-Mu\u00f1oz AM, Sardaneta-Escudero DA, Colom\u00e9-Ruiz GE, Sierra-Sosa T. Anatomical variations of maxillary lateral incisors: a comparative analysis of archaeological and modern populations from the Yucatan peninsula. HOMO Journal of Comparative Human Biology. 2019, 70, 147-154.<\/li><li>Vera-Guerra JA, Herrera-Atoche JR, Colom\u00e9-Ruiz GE. Orthodontic treatment of bilateral impacted mandibular canines and a Mupparapu type 2 transmigration. Case Reports in Dentistry. 2019, 2019, 7 pages.<\/li><li>Cucina A, Herrera-Atoche JR, Chatters J. Oral health and diet of a young Late Pleistocene woman from Quintana Roo, M\u00e9xico. American Journal of Physical Anthropology. 2019, 170, 246\u2013259.<\/li><li>P\u00e9rez-Traconis LB, Rojas-Araneda M, Colom\u00e9-Ruiz GE, Alonzo-Echeverr\u00eda ML, Escoffi\u00e9-Ram\u00edrez M, Herrera-Atoche JR. Estudio longitudinal de la evoluci\u00f3n de los arcos dentales en una regi\u00f3n maya, Yucat\u00e1n. Revista Espa\u00f1ola de Ortodoncia. 2019, 49, 71-81.<\/li><li>Z\u00fa\u00f1iga-Herrera ID, Romero-V\u00e1zquez AC, P\u00e9rez-Traconis LB, Godoy-Monta\u00f1ez CC, Herrera-Atoche JR. Prevalencia y distribuci\u00f3n de trastornos temporomandibulares en estudiantes de Odontolog\u00eda de la UADY. Rev Odontol Latinoam. 2019, 9, 49-55.<\/li><li>Herrera-Atoche JR, G\u00f3mez-Medina IP, Z\u00fa\u00f1iga-Herrera ID, P\u00e9rez-Traconis LB, Escoffi\u00e9-Ram\u00edrez M, Colom\u00e9-Ruiz GE. Canine Transmigration: Seven Case Reports. Investigaci\u00f3n Cl\u00ednica. 2018, 59, 339-351.<\/li><li>Gonz\u00e1lez P\u00e9rez NA, Herrera-Atoche JR, L\u00f3pez-Gonz\u00e1lez P, Gonz\u00e1lez-Herrera L. Variaciones patog\u00e9nicas y no patog\u00e9nicas de genes PAX9 y MSX1 en pacientes yucatecos con agenesia dental. Revista del Centro de Graduados e Investigaci\u00f3n. Instituto Tecnol\u00f3gico de M\u00e9rida. 2018, 33, 345-349.<\/li><li>Herrera-Atoche JR, Ag\u00fcayo-de-Pau MR, Escoffi\u00e9-Ram\u00edrez M, Aguilar-Ayala FJ, Carrillo-\u00c1vila BA, Rej\u00f3n-Peraza ME. Impacted Maxillary Canine Prevalence and Its Association with Other Dental Anomalies in a Mexican Population. International Journal of Dentistry. 2017, 2017, 4 pages.<\/li><li>Herrera-Atoche JR, Z\u00fa\u00f1iga-Herrera ID, Colom\u00e9-Ruiz GE, Carrillo-\u00c1vila BA. Distribuci\u00f3n de dientes supernumerarios y anomal\u00edas dentales asociadas en una poblaci\u00f3n ortod\u00f3ntica del estado de Yucat\u00e1n. Rev Odontol Latinoam. 2017, 9, 49-55.<\/li><li>Z\u00fa\u00f1iga-Herrera ID, Ram\u00edrez-Salom\u00f3n MA, Escoffi\u00e9-Ram\u00edrez M, Herrera-Atoche JR. Resorci\u00f3n radicular en pacientes de ortodoncia. Revisi\u00f3n bibliogr\u00e1fica y bibliom\u00e9trica. Rev Odontol Latinoam. 2017, 9, 1-8.<\/li><li>Garc\u00eda-Due\u00f1as FA, Alonzo-Echeverr\u00eda ML, Colom\u00e9 Ruiz GE, Herrera-Atoche JR, Medina-Peralta S, Acosta-Pech R. Rango de movimientos mandibulares en ni\u00f1os de seis a\u00f1os de edad con dentici\u00f3n mixta temprana. Rev Odontol Mex. 2015, 19, 33-37.<\/li><li>Herrera-Atoche JR, Morales-Diaz SM, Colome-Ruiz GE, Escoffie-Ramirez M, Orellana MF. Prevalence of dental anomalies in a Mexican population. Dent 3000. 2014, 2, 1-5.<\/li><li>Herrera-Atoche JR, Boj\u00f3rquez-Vega AP, Escoffi\u00e9-Ram\u00edrez M. Caracter\u00edsticas craneofaciales de pacientes ortod\u00f3nticos con amelog\u00e9nesis imperfecta. Un estudio de casos y controles. Rev Tam\u00e9. 2014, 2, 171-174.<\/li><li>Herrera-Atoche JR, Cetina-C\u00e1rdenas P, Trueba-M\u00e9ndez C, Gasque-C\u00e1ceres CE, Torres-Sol\u00eds MF, Colom\u00e9-Ruiz GE, Carrillo-\u00c1vila BA. Terapia de intrusi\u00f3n de molares para correcci\u00f3n de sobremordida vertical en pacientes con mordida abierta. Rev Nac Odontol Mex. 2014, 2, 10-17.<\/li><li>Colom\u00e9-Ruiz GE, K\u00fa-Santana YG, P\u00e9rez-Traconis LB, Herrera-Atoche JR. Cronolog\u00eda de la erupci\u00f3n dental en una poblaci\u00f3n del sureste de M\u00e9xico. Rev ADM. 2014, 71, 130-135.<\/li><li>Herrera-Atoche JR, Colome-Ruiz GE, Escoffie-Ramirez M. Agenesia de terceros molares, prevalencia, distribuci\u00f3n y asociaci\u00f3n con otras anomalias dentales. Int J Morphol. 2013, 31, 1371-1375.<\/li><li>Herrera-Atoche JR, Colom\u00e9-Ruiz GE, Escoffi\u00e9-Ram\u00edrez M, Castillo-Bolio R, Carrillo-\u00c1vila BA, Rojas-Garc\u00eda AR, Rivas-Guti\u00e9rrez R. Intrusi\u00f3n de molares con orto-implantes. Evaluaci\u00f3n del nivel de adherencia gingival y remodelado \u00f3seo. Rev Odontol Andes. 2013, 8, 16-22.<\/li><li>Vera-Guerra JA, Herrera-Atoche JR. Tratamiento de un molar infantil anquilosado, en infraoclusi\u00f3n severa y con otras anomal\u00edas dentales asociadas. Rev Odontol Latinoam. 2013, 5, 19-24.<\/li><li>Colom\u00e9-Ruiz G, Pe\u00f1ailillo-Palma E, Carrillo-\u00c1vila BA, Herrera-Atoche JR, P\u00e9rez-Traconis L. Intrusi\u00f3n de un molar superior con mini-implantes ortod\u00f3nticos por motivos prot\u00e9sicos. Rev ADM. 2012, 69, 131-134.<\/li><li>Herrera-Atoche JR, Colom\u00e9-Ruiz GE, Z\u00fa\u00f1iga-Herrera ID, Pe\u00f1aloza-Cuevas R. Tratamiento de transposici\u00f3n dental. Reporte de 2 casos cl\u00ednicos. Rev Odontol Latinoam. 2012, 4, 53-57.<\/li><li>P\u00e9rez-Traconis LB, Herrera-Atoche JR, Rivas-Guti\u00e9rrez R. Velocidad de erupci\u00f3n de caninos retenidos por el paladar y tratados sin tracci\u00f3n ortod\u00f3ntica. Rev Odontol Latinoam. 2011, 3, 33-38.<\/li><li>Herrera-Atoche JR, Colom\u00e9-Ruiz GE, Rueda-Gordillo F, Carrillo-Peraza AG. Terapia de guarda oclusal para el tratamiento de la limitaci\u00f3n de los movimientos mandibulares. Rev Odontol Latinoam. 2010, 2, 9-14.<\/li><li>Carrillo-\u00c1vila BA, Herrera-Atoche JR, Sauri-Esquivel EA. Injerto gingival libre como tratamiento profil\u00e1ctico en un paciente de ortodoncia. Rev Odontol Latinoam. 2009, 1, 51-56.<\/li><li>Herrera-Atoche JR, Castillo-Bolio R, Lama-Gonz\u00e1lez E, P\u00e9rez-Traconis LB, P\u00e9rez-Bidot N, Mart\u00ednez-Aguilar VM, Romero de Le\u00f3n E. Fol\u00edculo dental hipertr\u00f3fico bilateral. Reporte de un caso. Rev Odontol Latinoam. 2009, 1, 17-22.<\/li><li>Herrera-Atoche JR, Hern\u00e1ndez-Pereyra JR. Edad de maduraci\u00f3n \u00f3sea en ni\u00f1os yucatecos de 7 a 9 a\u00f1os de edad. Rev Odontol Latinoam. 2008, 0, 30-36.<\/li><\/ol><div class=\"wp-block-spacer\" aria-hidden=\"true\">\u00a0<\/div><h2><strong>ANEXO 2. CAP\u00cdTULOS DE LIBRO<\/strong><\/h2><ol type=\"1\"><li>Pasos-Gonz\u00e1lez ZC, Mac\u00edas Valadez-Berm\u00fadez CG, Aguilar-P\u00e9rez FJ, Escoffi\u00e9-Ram\u00edrez M, Herrera-Atoche JR. Tratamiento de mordida cruzada bilateral con el uso de microtornillos: reporte de un caso. En: Casos cl\u00ednicos en Odontolog\u00eda 2020. (Aceptado)<\/li><li>D\u00edaz-Caamal VJ, Z\u00fa\u00f1iga-Herrera ID, Herrera-Atoche JR, Escoffi\u00e9-Ram\u00edrez M, P\u00e9rez-Traconis LB. Correcci\u00f3n de mordida abierta anterior asistida con anclaje esquel\u00e9tico: reporte de un caso. En: Casos cl\u00ednicos en Odontolog\u00eda 2020. (Aceptado)<\/li><li>Herrera-Atoche JR, Escoffi\u00e9-Ram\u00edrez M, Carrillo-\u00c1vila BA, Novelo-Mendoza LE. Cap\u00edtulo 9. Tratamiento de extrusi\u00f3n-intrusi\u00f3n dental en el tratamiento interdisciplinario. Reporte de dos casos. En: Mis casos cl\u00ednicos en Odontolog\u00eda. 2015.<\/li><\/ol><div class=\"clearfix\">\u00a0<\/div><div id=\"comments\" class=\"post-comments comment-area clearfix\">\u00a0<\/div><\/div><div class=\"pagination text-center\">\u00a0<\/div><\/div><\/div><\/div><\/div><\/div><div class=\"clearfix\">\u00a0<\/div><footer class=\"main-footer\"><div class=\"auto-container\"><div class=\"widgets-section\"><div class=\"row clearfix\"><div class=\"footer-column col-md-3 col-sm-6 col-xs-12\"><div id=\"nav_menu-3\" class=\"column footer-widget widget_nav_menu\"><div class=\"menu-footer-container\">\u00a0<\/div><\/div><\/div><\/div><\/div><\/div><\/footer>\t\t\t\t\t\t<\/div>\n\t\t\t\t<\/div>\n\t\t\t\t\t<\/div>\n\t\t\t\t<\/div>\n\t\t\t\t\t\t\t<\/div>\n\t\t","protected":false},"excerpt":{"rendered":"<p>Curriculum Vitae DATOS GENERALES M.C.O. Jos\u00e9 Rub\u00e9n Herrera Atoche. Especialista en Ortodoncia.\u00a0 C\u00e9dula Profesional: 3922764 Fecha de Nacimiento: 26 de Noviembre de 1974. Lugar de nacimiento: M\u00e9rida Yucat\u00e1n, M\u00e9xico. Estado Civil: Casado Nacionalidad: Mexicana. ESTUDIOS T\u00edtulo de\u00a0Cirujano Dentista\u00a0por la Facultad de Odontolog\u00eda de la Universidad Aut\u00f3noma de Yucat\u00e1n. Egresado con\u00a0Menci\u00f3n Honor\u00edfica\u00a0en el a\u00f1o 1999. Primer [&hellip;]<\/p>\n","protected":false},"author":1,"featured_media":0,"parent":0,"menu_order":0,"comment_status":"closed","ping_status":"closed","template":"elementor_header_footer","meta":{"footnotes":""},"class_list":["post-151","page","type-page","status-publish","hentry"],"_links":{"self":[{"href":"https:\/\/demo.hcodontologos.com\/index.php?rest_route=\/wp\/v2\/pages\/151","targetHints":{"allow":["GET"]}}],"collection":[{"href":"https:\/\/demo.hcodontologos.com\/index.php?rest_route=\/wp\/v2\/pages"}],"about":[{"href":"https:\/\/demo.hcodontologos.com\/index.php?rest_route=\/wp\/v2\/types\/page"}],"author":[{"embeddable":true,"href":"https:\/\/demo.hcodontologos.com\/index.php?rest_route=\/wp\/v2\/users\/1"}],"replies":[{"embeddable":true,"href":"https:\/\/demo.hcodontologos.com\/index.php?rest_route=%2Fwp%2Fv2%2Fcomments&post=151"}],"version-history":[{"count":16,"href":"https:\/\/demo.hcodontologos.com\/index.php?rest_route=\/wp\/v2\/pages\/151\/revisions"}],"predecessor-version":[{"id":185,"href":"https:\/\/demo.hcodontologos.com\/index.php?rest_route=\/wp\/v2\/pages\/151\/revisions\/185"}],"wp:attachment":[{"href":"https:\/\/demo.hcodontologos.com\/index.php?rest_route=%2Fwp%2Fv2%2Fmedia&parent=151"}],"curies":[{"name":"wp","href":"https:\/\/api.w.org\/{rel}","templated":true}]}}